{"id":3,"date":"2020-03-31T17:11:11","date_gmt":"2020-03-31T17:11:11","guid":{"rendered":"http:\/\/jk-arch.ch\/?page_id=3"},"modified":"2020-05-11T08:08:51","modified_gmt":"2020-05-11T08:08:51","slug":"dipl-ing-sia-gmbh-albisstrasse-129-8038-zuerich-0041-76-360-37-77juliakochatjk-arch-chlebenslauf2019n","status":"publish","type":"page","link":"https:\/\/jk-arch.ch\/?page_id=3","title":{"rendered":"dipl. ing. SIA GmbH&nbsp;&nbsp; Albisstrasse&nbsp;129&nbsp;&nbsp; 8038&nbsp;Z\u00fcrich&nbsp;&nbsp; 0041&nbsp;76&nbsp;360&nbsp;37&nbsp;77<br>juliakoch&thinsp;(at)&thinsp;jk&zwj;-&zwj;arch.ch<br><br><br>Lebenslauf<br>2019&nbsp; Julia&nbsp;Koch Architektin, Z\u00fcrich<br>2011&zwj;\u2013&zwj;2019&nbsp; Partnerin bei Giuliani&nbsp;H\u00f6nger Architekten, Z\u00fcrich<br>2011&nbsp; Mitgliedschaft&nbsp;SIA<br>2006&zwj;\u2013&zwj;2011&nbsp; Mitarbeit und Projektleitung bei Giuliani&nbsp;H\u00f6nger Architekten, Z\u00fcrich<br>2005&nbsp; Diplom bei Prof. Karl&zwj;-&zwj;Heinz Schmitz, Bauhaus&nbsp;Universit\u00e4t Weimar<br>2003&zwj;\u2013&zwj;2004&nbsp; Praktikum bei Miller&zwj;&#038;&zwj;Maranta Architekten, Basel<br>2003&nbsp; International Integrated Architectural Studies, Weimar<br>1999&zwj;\u2013&zwj;2005&nbsp; Architekturstudium Bauhaus&nbsp;Universit\u00e4t Weimar<br><br><br>&copy; 2020 Julia Koch Architektin GmbH<br>Grafik\/Webdesign: Dominic Fiechter, Z\u00fcrich<br><br><br><br><br>"},"content":{"rendered":"","protected":false},"excerpt":{"rendered":"","protected":false},"author":1,"featured_media":0,"parent":0,"menu_order":0,"comment_status":"closed","ping_status":"closed","template":"","meta":[],"grid":"{\r\n  \"colCount\": 12,\r\n  \"colGutter\": 1,\r\n  \"rowGutters\": [],\r\n  \"frameMargin\": 0,\r\n  \"topFrameMargin\": 0,\r\n  \"bottomFrameMargin\": 0,\r\n  \"rowAttrs\": [\r\n    {}\r\n  ],\r\n  \"bgColor\": null,\r\n  \"cont\": [\r\n    {\r\n      \"type\": \"img\",\r\n      \"cont\": \"\/wp-content\/uploads\/2020\/03\/Front13-2560x3013-1-scaled.jpg\",\r\n      \"align\": \"top\",\r\n      \"row\": 0,\r\n      \"col\": 0,\r\n      \"colspan\": 12,\r\n      \"offsetx\": 0,\r\n      \"offsety\": 0,\r\n      \"spaceabove\": 0,\r\n      \"spacebelow\": 0,\r\n      \"yvel\": 1,\r\n      \"push\": 0,\r\n      \"relid\": 142,\r\n      \"attid\": 6,\r\n      \"sizes\": {\r\n        \"full\": \"\/wp-content\/uploads\/2020\/03\/Front13-2560x3013-1-scaled.jpg\",\r\n        \"_1920\": \"\/wp-content\/uploads\/2020\/03\/Front13-2560x3013-1-1920x2260.jpg\",\r\n        \"_1280\": \"\/wp-content\/uploads\/2020\/03\/Front13-2560x3013-1-1280x1507.jpg\",\r\n        \"_1024\": \"\/wp-content\/uploads\/2020\/03\/Front13-2560x3013-1-1024x1205.jpg\",\r\n        \"_768\": \"\/wp-content\/uploads\/2020\/03\/Front13-2560x3013-1-768x904.jpg\",\r\n        \"_512\": \"\/wp-content\/uploads\/2020\/03\/Front13-2560x3013-1-512x603.jpg\",\r\n        \"_265\": \"\/wp-content\/uploads\/2020\/03\/Front13-2560x3013-1-265x312.jpg\"\r\n      },\r\n      \"w\": 2175,\r\n      \"h\": 2560,\r\n      \"ar\": 1.1770114942528735,\r\n      \"alt\": \"\",\r\n      \"frameOverflow\": \"right\",\r\n      \"lightbox_caption\": \"<p>&amp;npsb;<\/p><p>&amp;npsb:<\/p><p>\u00a0<\/p>\"\r\n    }\r\n  ]\r\n}","phonegrid":"{\r\n  \"colCount\": 12,\r\n  \"colGutter\": 0,\r\n  \"rowGutters\": [],\r\n  \"frameMargin\": 0,\r\n  \"topFrameMargin\": 0,\r\n  \"bottomFrameMargin\": 0,\r\n  \"rowAttrs\": [\r\n    {}\r\n  ],\r\n  \"bgColor\": null,\r\n  \"cont\": [\r\n    {\r\n      \"type\": \"img\",\r\n      \"cont\": \"\/wp-content\/uploads\/2020\/03\/Front13-2560x3013-1-scaled.jpg\",\r\n      \"align\": \"top\",\r\n      \"row\": 0,\r\n      \"col\": 0,\r\n      \"colspan\": 12,\r\n      \"offsetx\": 0,\r\n      \"offsety\": 0,\r\n      \"spaceabove\": 0,\r\n      \"spacebelow\": 0,\r\n      \"yvel\": 1,\r\n      \"push\": 0,\r\n      \"relid\": 142,\r\n      \"attid\": 6,\r\n      \"sizes\": {\r\n        \"full\": \"\/wp-content\/uploads\/2020\/03\/Front13-2560x3013-1-scaled.jpg\",\r\n        \"_1920\": \"\/wp-content\/uploads\/2020\/03\/Front13-2560x3013-1-1920x2260.jpg\",\r\n        \"_1280\": \"\/wp-content\/uploads\/2020\/03\/Front13-2560x3013-1-1280x1507.jpg\",\r\n        \"_1024\": \"\/wp-content\/uploads\/2020\/03\/Front13-2560x3013-1-1024x1205.jpg\",\r\n        \"_768\": \"\/wp-content\/uploads\/2020\/03\/Front13-2560x3013-1-768x904.jpg\",\r\n        \"_512\": \"\/wp-content\/uploads\/2020\/03\/Front13-2560x3013-1-512x603.jpg\",\r\n        \"_265\": \"\/wp-content\/uploads\/2020\/03\/Front13-2560x3013-1-265x312.jpg\"\r\n      },\r\n      \"w\": 2175,\r\n      \"h\": 2560,\r\n      \"ar\": 1.1770114942528735,\r\n      \"alt\": \"\",\r\n      \"frameOverflow\": \"right\"\r\n    }\r\n  ]\r\n}","_links":{"self":[{"href":"https:\/\/jk-arch.ch\/index.php?rest_route=\/wp\/v2\/pages\/3"}],"collection":[{"href":"https:\/\/jk-arch.ch\/index.php?rest_route=\/wp\/v2\/pages"}],"about":[{"href":"https:\/\/jk-arch.ch\/index.php?rest_route=\/wp\/v2\/types\/page"}],"author":[{"embeddable":true,"href":"https:\/\/jk-arch.ch\/index.php?rest_route=\/wp\/v2\/users\/1"}],"replies":[{"embeddable":true,"href":"https:\/\/jk-arch.ch\/index.php?rest_route=%2Fwp%2Fv2%2Fcomments&post=3"}],"version-history":[{"count":0,"href":"https:\/\/jk-arch.ch\/index.php?rest_route=\/wp\/v2\/pages\/3\/revisions"}],"wp:attachment":[{"href":"https:\/\/jk-arch.ch\/index.php?rest_route=%2Fwp%2Fv2%2Fmedia&parent=3"}],"curies":[{"name":"wp","href":"https:\/\/api.w.org\/{rel}","templated":true}]}}